{"id":144,"date":"2025-07-05T00:31:40","date_gmt":"2025-07-04T22:31:40","guid":{"rendered":"https:\/\/europenation.eu\/?page_id=144"},"modified":"2025-09-10T23:21:53","modified_gmt":"2025-09-10T21:21:53","slug":"chi-siamo","status":"publish","type":"page","link":"https:\/\/europenation.eu\/en\/chi-siamo\/","title":{"rendered":"CHI SIAMO"},"content":{"rendered":"<p class=\"has-kubio-color-3-color has-kubio-color-4-background-color has-text-color has-background has-link-color wp-elements-76d4e31db2e95718e9da40d421f69a8e\">Abbiamo sognato un\u2019Europa libera, giusta, capace di difendere i suoi popoli e i suoi ideali.<br>Ma il sogno \u00e8 stato tradito.<\/p>\n\n\n\n<p class=\"has-kubio-color-3-color has-kubio-color-4-background-color has-text-color has-background has-link-color wp-elements-e84877a55c5eef5b82a16ab2ce3c9bac\">Abbiamo assistito al fallimento dell\u2019europeismo dei buoni propositi e delle cattive azioni.<br>L\u2019Europa \u00e8 orfana di s\u00e9 stessa: le classi dirigenti che hanno governato il nostro continente negli ultimi trent\u2019anni hanno fallito non per assenza di strumenti, ma per mancanza di visione.<\/p>\n\n\n\n<p class=\"has-kubio-color-3-color has-kubio-color-4-background-color has-text-color has-background has-link-color wp-elements-917a82e635d5ce7f2e06a55f1f9631fb\">Hanno concepito l\u2019Europa come un organismo senza anima: un burocrate lunatico e tirannico, capace di dettare ogni dettaglio della vita quotidiana, ma incapace di difendere i confini, proteggere le industrie, garantire giustizia sociale o affermare sovranit\u00e0.<br>Hanno costruito un\u2019unione svuotata di identit\u00e0, governata da commissari non eletti, fondata su trattati incomprensibili e inaccessibili al popolo.<\/p>\n\n\n\n<p class=\"has-kubio-color-1-color has-kubio-color-4-background-color has-text-color has-background has-link-color wp-elements-e0c87bd3b5ce599b5b7d3760de918fb0\">I popoli d\u2019Europa si sono ribellati a questo artificio grottesco.<\/p>\n\n\n\n<p class=\"has-kubio-color-3-color has-kubio-color-4-background-color has-text-color has-background has-link-color wp-elements-b89a74635b3eb9e5d45f1061dbe0915f\">Le <strong>destre europee<\/strong>, prigioniere di un feticcio novecentesco, propongono il ritorno alle piccole sovranit\u00e0 nazionali.<br>Ma \u00e8 un\u2019illusione regressiva, che non pu\u00f2 portare altro che isolamento, povert\u00e0 e nuova conflittualit\u00e0 tra fratelli.<\/p>\n\n\n\n<p class=\"has-kubio-color-3-color has-kubio-color-4-background-color has-text-color has-background has-link-color wp-elements-6c7de35c92ead0bb51245510b6dcd476\">Le <strong>sinistre europee<\/strong>, dal canto loro, hanno confuso gli ideali di emancipazione e di Socialismo Europeo con una <strong>tecnocrazia moralista e omologatrice<\/strong>, che anzich\u00e9 porre un argine al capitalismo sfrenato, ha reso i cittadini europei ancora pi\u00f9 deboli \u2014 privati di ogni spirito identitario, incapaci di difendersi da una globalizzazione disumana.<\/p>\n\n\n\n<p class=\"has-kubio-color-1-color has-kubio-color-4-background-color has-text-color has-background has-link-color wp-elements-a127eaea340fb1246e3cc9e43ddf5502\">Ma <strong>non siamo qui per danzare sulle rovine di un<\/strong>&#8216;<strong>Europa nata morta.<\/strong><br>Siamo qui per disegnarne una nuova.<\/p>\n\n\n\n<p class=\"has-kubio-color-3-color has-kubio-color-4-background-color has-text-color has-background has-link-color wp-elements-b7ba9eac887ac688685b9172dc9b2849\">Questo progetto nasce per <strong>spezzare la dicotomia suicida<\/strong> tra burocrazia senza volto e nazionalismo senza futuro.<br><strong>European Nation rappresenta un\u2019alternativa radicale e costruttiva<\/strong>: fondare finalmente quella <strong>Nazione Europea<\/strong> che la storia ha sempre annunciato, ma che la politica non ha mai avuto il coraggio di edificare.<\/p>\n\n\n\n<p class=\"has-kubio-color-1-color has-kubio-color-4-background-color has-text-color has-background has-link-color wp-elements-fd4fbcc4bdc7985164268f1638fb9062\">Una Nuova Europa.<br><strong>Una Patria e un Destino per i nostri popoli.<\/strong><\/p>\n\n\n\n<p class=\"has-kubio-color-3-color has-kubio-color-4-background-color has-text-color has-background has-link-color wp-elements-26e0c1e4bc00c72f20d74ba422a30ccd\">Non ci guida l\u2019utopia.<br>Ci guida la necessit\u00e0.<\/p>\n\n\n\n<p class=\"has-kubio-color-3-color has-kubio-color-4-background-color has-text-color has-background has-link-color wp-elements-4296a185b0c2129f30cc846135911100\">Perch\u00e9 il mondo nuovo che avanza sar\u00e0 dominato solo da chi sapr\u00e0 offrire <strong>ordine, forza e visione<\/strong>.<\/p>\n\n\n\n<p class=\"has-kubio-color-1-color has-kubio-color-4-background-color has-text-color has-background has-link-color wp-elements-1041d1bbed630a9d0d30970531278a96\">L\u2019Europa deve diventare Patria.<br>L\u2019Europa deve diventare Potenza.<\/p>\n\n\n\n<p class=\"has-kubio-color-3-color has-kubio-color-4-background-color has-text-color has-background has-link-color wp-elements-f623f020f40a7268b2ed139dd89923cb\">Se anche tu senti questa urgenza, unisciti a noi.<br>European Nation comincia da qui.<\/p>\n\n\n\n<p><\/p>","protected":false},"excerpt":{"rendered":"<p>Abbiamo sognato un\u2019Europa libera, giusta, capace di difendere i suoi popoli e i suoi ideali.Ma il sogno \u00e8 stato tradito. Abbiamo assistito al fallimento dell\u2019europeismo dei buoni propositi e delle cattive azioni.L\u2019Europa \u00e8 orfana di s\u00e9 stessa: le classi dirigenti che hanno governato il nostro continente negli ultimi trent\u2019anni hanno fallito non per assenza di [&hellip;]<\/p>\n","protected":false},"author":1,"featured_media":145,"parent":0,"menu_order":0,"comment_status":"closed","ping_status":"closed","template":"","meta":{"saved_in_kubio":true,"footnotes":""},"class_list":["post-144","page","type-page","status-publish","has-post-thumbnail","hentry"],"kubio_ai_page_context":{"short_desc":"","purpose":"general"},"jetpack_sharing_enabled":true,"_links":{"self":[{"href":"https:\/\/europenation.eu\/en\/wp-json\/wp\/v2\/pages\/144","targetHints":{"allow":["GET"]}}],"collection":[{"href":"https:\/\/europenation.eu\/en\/wp-json\/wp\/v2\/pages"}],"about":[{"href":"https:\/\/europenation.eu\/en\/wp-json\/wp\/v2\/types\/page"}],"author":[{"embeddable":true,"href":"https:\/\/europenation.eu\/en\/wp-json\/wp\/v2\/users\/1"}],"replies":[{"embeddable":true,"href":"https:\/\/europenation.eu\/en\/wp-json\/wp\/v2\/comments?post=144"}],"version-history":[{"count":7,"href":"https:\/\/europenation.eu\/en\/wp-json\/wp\/v2\/pages\/144\/revisions"}],"predecessor-version":[{"id":435,"href":"https:\/\/europenation.eu\/en\/wp-json\/wp\/v2\/pages\/144\/revisions\/435"}],"wp:featuredmedia":[{"embeddable":true,"href":"https:\/\/europenation.eu\/en\/wp-json\/wp\/v2\/media\/145"}],"wp:attachment":[{"href":"https:\/\/europenation.eu\/en\/wp-json\/wp\/v2\/media?parent=144"}],"curies":[{"name":"wp","href":"https:\/\/api.w.org\/{rel}","templated":true}]}}