{"id":467,"date":"2025-09-12T16:04:23","date_gmt":"2025-09-12T14:04:23","guid":{"rendered":"https:\/\/europenation.eu\/?page_id=467"},"modified":"2025-09-12T16:42:37","modified_gmt":"2025-09-12T14:42:37","slug":"dallue-alla-repubbica-europea","status":"publish","type":"page","link":"https:\/\/europenation.eu\/en\/dallue-alla-repubbica-europea\/","title":{"rendered":"Dall&#8217;UE alla Repubbica Europea"},"content":{"rendered":"<p class=\"has-kubio-color-3-color has-text-color has-link-color wp-elements-67d36351cde8fbac9fbd0420bd82884d\">Il<strong> fallimento dell\u2019UE <\/strong>e la <strong>crisi globale<\/strong> aprono una finestra unica: questa \u00e8 la nostra roadmap per trasformare l\u2019Europa in Repubblica.<\/p>\n\n\n\n<p class=\"has-kubio-color-3-color has-text-color has-link-color wp-elements-4b19033fc0828e0e4a0b0a1924b15f99\"><strong>L\u2019Unione Europea \u00e8 al capolinea<\/strong>. \u00c8 un\u2019architettura stanca, costruita per gestire il mercato unico, incapace di difendere i popoli europei e di dar loro un destino comune. Da Bruxelles arrivano solo regolamenti, vincoli, mediazioni infinite. Dalla Storia, invece, arriva una domanda secca: gli europei vogliono essere padroni del proprio futuro o restare un mosaico impotente?<\/p>\n\n\n\n<p class=\"has-kubio-color-3-color has-text-color has-link-color wp-elements-0a7efa541726d4a3a8142758b980f59a\">Noi diciamo: <strong>\u00e8 tempo di una Repubblica d\u2019Europa.<\/strong><br>E per arrivarci serve un percorso chiaro, con tappe precise. Una roadmap che non \u00e8 burocrazia, ma rivoluzione organizzata.<\/p>\n\n\n\n<p class=\"has-kubio-color-3-color has-text-color has-link-color wp-elements-e5fe4bd3941a1d2b0ba5ed4b06e6d27b\"><\/p>\n\n\n\n<h3 class=\"wp-block-heading has-kubio-color-1-color has-text-color has-link-color wp-elements-acaaf188d0a7bb990b7479d0203b7e2b\">Costruzione del consenso <\/h3>\n\n\n\n<p class=\"has-kubio-color-3-color has-text-color has-link-color wp-elements-c29d2d5e2fa6a98d80d97e34e48a4bff\">Ogni rivoluzione comincia con un atto culturale. La Repubblica d\u2019Europa nascer\u00e0 quando milioni di cittadini, da Lisbona a Tallinn, da Atene a Dublino, sentiranno di far parte dello stesso popolo.<br>Per questo, la prima fase \u00e8 costruire un fronte transnazionale: campagne culturali, raccolta firme, assemblee civiche, universit\u00e0, comunit\u00e0 locali.<br><\/p>\n\n\n\n<p class=\"has-kubio-color-3-color has-text-color has-link-color wp-elements-e879b35cbcb36575087357b07a6e8dc1\">L\u2019obiettivo \u00e8 uno: gridare che l\u2019Europa non \u00e8 un mercato, ma una nazione in attesa di riconoscersi.<\/p>\n\n\n\n<ul class=\"wp-block-list\">\n<li class=\"has-kubio-color-3-color has-text-color has-link-color wp-elements-aa2db16b9d9a894bf0b307b23fb6caa8\">Creazione di un fronte di consenso transnazionale europeo;<\/li>\n\n\n\n<li class=\"has-kubio-color-3-color has-text-color has-link-color wp-elements-1630ecc530e2cc06227705a7fd4524a6\">Lancio di una campagna culturale e mediatica sul tema \u201cRepubblica d\u2019Europa\u201d;<\/li>\n\n\n\n<li class=\"has-kubio-color-3-color has-text-color has-link-color wp-elements-efbce4d5851e014caee7a39bb777f4c0\">Raccolta di adesioni e firme per una <strong>Petizione Costituente Europea<\/strong>;<\/li>\n\n\n\n<li class=\"has-kubio-color-3-color has-text-color has-link-color wp-elements-6b21ea86a55e64aae115a9887d47f566\">Coinvolgimento di associazioni civiche, sindacati, universit\u00e0, comunit\u00e0 locali.<\/li>\n<\/ul>\n\n\n\n<h3 class=\"wp-block-heading has-kubio-color-1-color has-text-color has-link-color wp-elements-2389c97d5550502f3f45a8d34669d87a\">Congresso Pre-Costituente<\/h3>\n\n\n\n<p class=\"has-kubio-color-3-color has-text-color has-link-color wp-elements-193a43ef62d662d204cd535be1c66ee3\">Una volta acceso il fuoco, bisogna dargli forma. Delegati da tutti i territori europei, eletti nelle assemblee locali e digitali, si riuniscono in un Congresso Pre-Costituente Europeo.<br>Qui non si scrivono trattati, ma la bozza della Costituzione della Repubblica d\u2019Europa: un popolo, una sovranit\u00e0, una legge comune.<\/p>\n\n\n\n<ul class=\"wp-block-list\">\n<li class=\"has-kubio-color-3-color has-text-color has-link-color wp-elements-6dd9c91281e996d93f60a956fd64b299\">Organizzazione di <strong>assemblee locali e digitali<\/strong> in tutti i paesi europei;<\/li>\n\n\n\n<li class=\"has-kubio-color-3-color has-text-color has-link-color wp-elements-71803801278c9a57c0bfc62be3bc5044\">Elezione di delegati rappresentativi dai territori e dalle comunit\u00e0;<\/li>\n\n\n\n<li class=\"has-kubio-color-3-color has-text-color has-link-color wp-elements-4e4ce788abbe3a9c676e31de4a69553b\">Convocazione di un <strong>Congresso Pre-Costituente Europeo<\/strong>.<\/li>\n<\/ul>\n\n\n\n<h3 class=\"wp-block-heading has-kubio-color-1-color has-text-color has-link-color wp-elements-b8bddcb790cf63c8e3feabd153684222\">Referendum Europeo<\/h3>\n\n\n\n<p class=\"has-kubio-color-3-color has-text-color has-link-color wp-elements-4bba750a5f4b6e3809670c00b230fcdc\">Nessuna rivoluzione senza il popolo. Per questo il passo successivo \u00e8 un referendum europeo, fisico e digitale, con una sola domanda:<br>\u201cVuoi che il tuo popolo aderisca alla Repubblica d\u2019Europa?\u201d<br>Chi dice s\u00ec entra nella Storia. Chi dice no resta spettatore.<\/p>\n\n\n\n<ul class=\"wp-block-list\">\n<li class=\"has-kubio-color-3-color has-text-color has-link-color wp-elements-1d0811c34ebc8f2241f76f2badb46867\">Lancio di un referendum, fisico e digitale, per i cittadini UE.<\/li>\n\n\n\n<li class=\"has-kubio-color-3-color has-text-color has-link-color wp-elements-091cd221c42f7bccb6b2a23e1fa4b4e3\">Domanda chiara: <em>\u201cVuoi che il tuo popolo aderisca a una Repubblica d\u2019Europa?\u201d<\/em><\/li>\n<\/ul>\n\n\n\n<h3 class=\"wp-block-heading has-kubio-color-1-color has-text-color has-link-color wp-elements-e6d201e8b86c89e63501f4a8cab19133\"> Transizione Istituzionale <\/h3>\n\n\n\n<p class=\"has-kubio-color-3-color has-text-color has-link-color wp-elements-2f4f248aea8f7adbea5ed18b347fa318\">Con una Costituzione scritta e un referendum approvato, l\u2019attuale Unione Europea diventa una reliquia amministrativa. I Parlamenti nazionali e quello europeo devono scegliere: ignorare la volont\u00e0 dei popoli o aprire la transizione.<br>Nasce un Comitato di Transizione, alleanze politiche trasversali, un dibattito acceso che spacca le vecchie logiche di potere.<\/p>\n\n\n\n<ul class=\"wp-block-list\">\n<li class=\"has-kubio-color-3-color has-text-color has-link-color wp-elements-f3d42610de7f005598da7e901d0b3b5d\">Presentazione della bozza di Costituzione ai Parlamenti nazionali e al Parlamento UE.<\/li>\n\n\n\n<li class=\"has-kubio-color-3-color has-text-color has-link-color wp-elements-6bd17085e439d445e76eece5ebf67989\">Proposta di <strong>integrare il testo nel dibattito ufficiale europeo<\/strong>.<\/li>\n\n\n\n<li class=\"has-kubio-color-3-color has-text-color has-link-color wp-elements-b0fc9764f953717ad200322955a5ebdb\">Avvio di <strong>alleanze politiche trasversali<\/strong> per promuovere la Costituente.<\/li>\n\n\n\n<li class=\"has-kubio-color-3-color has-text-color has-link-color wp-elements-2f99f24de1c52431a6bbac25ce84b20f\">Creazione di un <strong>Comitato di Transizione<\/strong>, con poteri consultivi.<\/li>\n<\/ul>\n\n\n\n<h3 class=\"wp-block-heading has-kubio-color-1-color has-text-color has-link-color wp-elements-ff3bf78ce9eaa21ea3380baad146221e\">Assemblea Costituente Europea<\/h3>\n\n\n\n<p class=\"has-kubio-color-3-color has-text-color has-link-color wp-elements-cef17b46752b8f6ad8d0593be9cd42da\">Il popolo elegge la sua Assemblea Costituente Europea, che scrive e approva il testo finale della Costituzione. \u00c8 il momento in cui la Nazione diventa Stato.<br>Referendum vincolanti nei paesi aderenti sanciscono il passaggio: chi vota s\u00ec entra nella Repubblica, chi vota no resta fuori. Ma la Storia non aspetta: il processo va avanti.<\/p>\n\n\n\n<ul class=\"wp-block-list\">\n<li class=\"has-kubio-color-3-color has-text-color has-link-color wp-elements-1be2437b869ab55aa0141337b9dbdc09\">Convocazione di una <strong>Assemblea Costituente Europea<\/strong> eletta direttamente dai cittadini.<\/li>\n\n\n\n<li class=\"has-kubio-color-3-color has-text-color has-link-color wp-elements-84aab1ba780bed2556ba424ad7ea15e1\">Redazione e approvazione della <strong>Costituzione della Repubblica d\u2019Europa<\/strong>.<\/li>\n\n\n\n<li class=\"has-kubio-color-3-color has-text-color has-link-color wp-elements-7d76db0e5035f49b191ce81c5317d676\">Referendum vincolante in tutti i Paesi partecipanti.<\/li>\n\n\n\n<li class=\"has-kubio-color-3-color has-text-color has-link-color wp-elements-ef7900d23251c69e3f35fcbf80aaeabd\">Paesi che votano NO restano fuori ma con possibilit\u00e0 di aderire in futuro.<\/li>\n<\/ul>\n\n\n\n<p class=\"has-kubio-color-3-color has-text-color has-link-color wp-elements-e5fe4bd3941a1d2b0ba5ed4b06e6d27b\"><\/p>\n\n\n\n<h3 class=\"wp-block-heading has-kubio-color-1-color has-text-color has-link-color wp-elements-e308cdb6f2d7b6f23f085b26b5a06ee3\">Nascita della Repubblica d\u2019Europa <\/h3>\n\n\n\n<p class=\"has-kubio-color-3-color has-text-color has-link-color wp-elements-66347c8241835f409b5dc57d89ffbac8\">La proclamazione non \u00e8 un atto simbolico: \u00e8 la nascita di un nuovo soggetto politico. Difesa comune, politica estera unica, bilancio europeo, cittadinanza europea. Confini interni aboliti, territori organizzati in Dipartimenti.<br>Non pi\u00f9 ventisette governi divisi, ma una sola Repubblica, un solo popolo, una sola sovranit\u00e0.<\/p>\n\n\n\n<ul class=\"wp-block-list\">\n<li class=\"has-kubio-color-3-color has-text-color has-link-color wp-elements-e69329756852d957a7b1cb5e81f10689\">Proclamazione della Repubblica d\u2019Europa.<\/li>\n\n\n\n<li class=\"has-kubio-color-3-color has-text-color has-link-color wp-elements-16ca8cc88f83ccf65865ce2009bf423f\">Trasferimento graduale delle competenze principali: difesa, politica estera, bilancio, diritti civici.<\/li>\n\n\n\n<li class=\"has-kubio-color-3-color has-text-color has-link-color wp-elements-1bf88026ec4e54224c080783a66323f3\">Creazione di Dipartimenti Europei (ex regioni\/land).<\/li>\n\n\n\n<li class=\"has-kubio-color-3-color has-text-color has-link-color wp-elements-11041ad0bbb0f15f643226a4f2e13e75\">Istituzione della <strong>Cittadinanza Europea Unica<\/strong>.<\/li>\n<\/ul>\n\n\n\n<p class=\"has-kubio-color-3-color has-text-color has-link-color wp-elements-c8eceab2740636bedc3f97236e3bfbae\">Questa roadmap non \u00e8 un sogno lontano: \u00e8 un percorso concreto, scandito in tappe che ogni cittadino pu\u00f2 comprendere e condividere.<\/p>\n\n\n\n<p class=\"has-kubio-color-3-color has-text-color has-link-color wp-elements-e791ce860f4e6d95fa00285d31af1f60\"><br>Chi oggi difende l\u2019Unione Europea difende un guscio vuoto. Noi proponiamo una fiamma viva: la Repubblica d\u2019Europa.<\/p>\n\n\n\n<p class=\"has-kubio-color-3-color has-text-color has-link-color wp-elements-6146095d4d6bbbc49ca0c0ddd70f3b23\"><br>E la domanda non \u00e8 pi\u00f9 se nascer\u00e0, ma <strong>quando i popoli avranno il coraggio di reclamarla<\/strong>.<\/p>\n\n\n\n<p class=\"has-kubio-color-3-color has-text-color has-link-color wp-elements-e5fe4bd3941a1d2b0ba5ed4b06e6d27b\"><\/p>","protected":false},"excerpt":{"rendered":"<p>Il fallimento dell\u2019UE e la crisi globale aprono una finestra unica: questa \u00e8 la nostra roadmap per trasformare l\u2019Europa in Repubblica. L\u2019Unione Europea \u00e8 al capolinea. \u00c8 un\u2019architettura stanca, costruita per gestire il mercato unico, incapace di difendere i popoli europei e di dar loro un destino comune. Da Bruxelles arrivano solo regolamenti, vincoli, mediazioni [&hellip;]<\/p>\n","protected":false},"author":1,"featured_media":322,"parent":0,"menu_order":0,"comment_status":"closed","ping_status":"closed","template":"","meta":{"saved_in_kubio":true,"footnotes":""},"class_list":["post-467","page","type-page","status-publish","has-post-thumbnail","hentry"],"kubio_ai_page_context":{"short_desc":"","purpose":"general"},"jetpack_sharing_enabled":true,"_links":{"self":[{"href":"https:\/\/europenation.eu\/en\/wp-json\/wp\/v2\/pages\/467","targetHints":{"allow":["GET"]}}],"collection":[{"href":"https:\/\/europenation.eu\/en\/wp-json\/wp\/v2\/pages"}],"about":[{"href":"https:\/\/europenation.eu\/en\/wp-json\/wp\/v2\/types\/page"}],"author":[{"embeddable":true,"href":"https:\/\/europenation.eu\/en\/wp-json\/wp\/v2\/users\/1"}],"replies":[{"embeddable":true,"href":"https:\/\/europenation.eu\/en\/wp-json\/wp\/v2\/comments?post=467"}],"version-history":[{"count":10,"href":"https:\/\/europenation.eu\/en\/wp-json\/wp\/v2\/pages\/467\/revisions"}],"predecessor-version":[{"id":480,"href":"https:\/\/europenation.eu\/en\/wp-json\/wp\/v2\/pages\/467\/revisions\/480"}],"wp:featuredmedia":[{"embeddable":true,"href":"https:\/\/europenation.eu\/en\/wp-json\/wp\/v2\/media\/322"}],"wp:attachment":[{"href":"https:\/\/europenation.eu\/en\/wp-json\/wp\/v2\/media?parent=467"}],"curies":[{"name":"wp","href":"https:\/\/api.w.org\/{rel}","templated":true}]}}