{"id":487,"date":"2025-09-14T00:15:52","date_gmt":"2025-09-13T22:15:52","guid":{"rendered":"https:\/\/europenation.eu\/?page_id=487"},"modified":"2025-09-14T00:15:52","modified_gmt":"2025-09-13T22:15:52","slug":"una-lingua-e-una-capitale-il-volto-politico-della-nazione-europea","status":"publish","type":"page","link":"https:\/\/europenation.eu\/en\/una-lingua-e-una-capitale-il-volto-politico-della-nazione-europea\/","title":{"rendered":"Una Lingua e una Capitale: il volto politico della Nazione Europea"},"content":{"rendered":"<p class=\"has-kubio-color-3-color has-text-color has-link-color wp-elements-371fda72833f7a361ae4a56b5f846eee\">Perch\u00e9 l\u2019Inglese \u00e8 la nostra lingua comune. Perch\u00e9 Vienna sar\u00e0 la nostra Capitale.<\/p>\n\n\n\n<p class=\"has-kubio-color-1-color has-text-color has-link-color has-large-font-size wp-elements-21af865b7a241908fbed1e2deb20ed87\"><strong>L\u2019Europa ha bisogno di simboli<\/strong><\/p>\n\n\n\n<ol class=\"wp-block-list\"><\/ol>\n\n\n\n<p class=\"has-kubio-color-3-color has-text-color has-link-color wp-elements-8053e58e3f6211dbc67ac78387a1d029\">Nessuna Nazione nasce senza un luogo che la rappresenti e una lingua che la faccia parlare. Per questo, la Repubblica Europea nascer\u00e0 con una Capitale politica permanente e una lingua di cittadinanza comune. L\u2019Unione Europea non \u00e8 mai diventata una Nazione perch\u00e9 ha rinunciato a un centro simbolico e a un codice condiviso.<br>European Nation propone il contrario: un\u2019unit\u00e0 visibile, concreta, vivente.<\/p>\n\n\n\n<p class=\"has-kubio-color-1-color has-text-color has-link-color has-large-font-size wp-elements-69c7a747629e54f6cf6ce4fff9f460be\"><strong>Vienna: la Capitale della Repubblica<\/strong><\/p>\n\n\n\n<p class=\"has-kubio-color-3-color has-text-color has-link-color wp-elements-bcef6e781b7db627b02559c387c77af1\">Non costruiremo una capitale artificiale, n\u00e9 manterremo Bruxelles \u2014 una citt\u00e0 senza anima politica, scelta solo per compromesso.<\/p>\n\n\n\n<p class=\"has-kubio-color-3-color has-text-color has-link-color wp-elements-dfbe3da974d3e96a5d76671903b52ba8\">La Capitale della Nazione Europea sar\u00e0 Vienna, e non per caso.<\/p>\n\n\n\n<p class=\"has-kubio-color-3-color has-text-color has-link-color wp-elements-086b7e79022d64dabe05a97e13e55943\">Perch\u00e9 Vienna? Fu capitale di un impero, ma non di un nazionalismo aggressivo: era il cuore di una citt\u00e0 cosmopolita dove convivevano popoli diversi.<\/p>\n\n\n\n<p class=\"has-kubio-color-3-color has-text-color has-link-color wp-elements-02a2537f51b6c618f6b795e5507edb96\">\u00c8 centrale nel continente: crocevia tra mondo latino, germanico, slavo e danubiano. \u00c8 simbolo di arte, civilt\u00e0 e cultura mitteleuropea, non egemonica ma condivisa. \u00c8 una citt\u00e0 bella, vivibile, profonda, non finanziaria n\u00e9 tecnocratica. \u00c8 capitale di uno stato che potrebbe diventare un &#8220;Distretto Capitale&#8221; senza traumi. <\/p>\n\n\n\n<blockquote class=\"wp-block-quote is-layout-flow wp-block-quote-is-layout-flow\">\n<p class=\"has-kubio-color-3-color has-text-color has-link-color wp-elements-bbd6845ce9069959d21c972f58f67410\">Vienna non \u00e8 il centro geografico dell\u2019UE. \u00c8 il <strong>cuore simbolico <\/strong>di un\u2019Europa che vuole diventare Stato.<\/p>\n<\/blockquote>\n\n\n\n<p class=\"has-kubio-color-1-color has-text-color has-link-color has-large-font-size wp-elements-7ec34ad3f325f8375f10acfeadc348a4\"><strong>L\u2019Inglese: lingua della cittadinanza europea<\/strong><\/p>\n\n\n\n<p class=\"has-kubio-color-3-color has-text-color has-link-color wp-elements-d5e85095f8ebb1650e91e23ac4652a93\">Scegliere una lingua comune \u00e8 difficile. Non scegliere \u00e8 peggio.<br>La Repubblica Europea parler\u00e0 una sola lingua nei suoi atti ufficiali, nelle istituzioni, nei media nazionali e nelle scuole civiche.<\/p>\n\n\n\n<p class=\"has-kubio-color-3-color has-text-color has-link-color wp-elements-6a772cb421e3d0181c813bfa3c87c031\">Quella lingua sar\u00e0 l\u2019<strong>Inglese<\/strong>.<\/p>\n\n\n\n<p class=\"has-kubio-color-3-color has-text-color has-link-color wp-elements-1848c689c77b3ac242205366d8eb6753\">Perch\u00e9 l\u2019Inglese?<\/p>\n\n\n\n<p class=\"has-kubio-color-3-color has-text-color has-link-color wp-elements-913faa0769fc0259fe79a2a7d1c445da\">Non \u00e8 la lingua di nessuna grande nazione UE: dopo la Brexit, non appartiene pi\u00f9 a un membro dominante. \u00c8 diventata la lingua di tutti, non di qualcuno.<\/p>\n\n\n\n<p class=\"has-kubio-color-3-color has-text-color has-link-color wp-elements-a5ed81c3a634155fc8103baf1b7e8a86\">\u00c8 gi\u00e0 parlato e studiato dalla stragrande maggioranza dei giovani europei. \u00c8 la lingua franca globale di economia, tecnologia, diplomazia e scienza. \u00c8 una lingua di sintesi, diretta, adatta alla comunicazione moderna.<\/p>\n\n\n\n<p class=\"has-kubio-color-3-color has-text-color has-link-color wp-elements-e9943a670ac75a94e42b107509934076\">Come verr\u00e0 usato?<\/p>\n\n\n\n<p class=\"has-kubio-color-3-color has-text-color has-link-color wp-elements-a5a93511402414e1c977be8759b6cc74\">Sar\u00e0 la<strong> lingua di cittadinanza<\/strong>: ogni cittadino dovr\u00e0 saper leggere una legge, scrivere a un\u2019istituzione, parlare in assemblea.<\/p>\n\n\n\n<p class=\"has-kubio-color-3-color has-text-color has-link-color wp-elements-fa67abed9066efedc21ddd21103a2539\">Verr\u00e0 insegnato in tutte le scuole pubbliche, con obiettivi comunicativi, non accademici.<\/p>\n\n\n\n<p class=\"has-kubio-color-3-color has-text-color has-link-color wp-elements-dd8af8d15e06bbfd7462ccdaf3ae98da\">Sar\u00e0 la lingua delle votazioni, dei testi normativi, dei documenti civici \u2014 sempre affiancata dalle traduzioni ufficiali nelle lingue locali.<\/p>\n\n\n\n<p class=\"has-kubio-color-1-color has-text-color has-link-color wp-elements-92265be06dede46f7f778e658ceb0537\"><strong>Le lingue nazionali e regionali non verranno cancellate<\/strong><\/p>\n\n\n\n<p class=\"has-kubio-color-3-color has-text-color has-link-color wp-elements-d3843794380a98dc4dff9b878280d877\">La lingua comune \u00e8 un ponte, non una gabbia. Le lingue locali saranno tutelate e co-ufficiali nei territori di appartenenza. Ogni cittadino potr\u00e0 vivere, lavorare e crescere nella sua lingua madre. Ogni scuola insegner\u00e0 tre lingue: la lingua locale, l\u2019inglese civico pi\u00f9 una terza lingua europea a scelta.<\/p>\n\n\n\n<blockquote class=\"wp-block-quote is-layout-flow wp-block-quote-is-layout-flow\">\n<p class=\"has-kubio-color-3-color has-text-color has-link-color wp-elements-8135a5f975cd1896140d91affb791f34\">Un contadino in Bretagna continuer\u00e0 a parlare bretone, un pastore in Transilvania continuer\u00e0 a parlare rumeno.<br>Ma se vorranno parlare tra loro, avranno una lingua comune che li unisce.<\/p>\n<\/blockquote>","protected":false},"excerpt":{"rendered":"<p>Perch\u00e9 l\u2019Inglese \u00e8 la nostra lingua comune. Perch\u00e9 Vienna sar\u00e0 la nostra Capitale. L\u2019Europa ha bisogno di simboli Nessuna Nazione nasce senza un luogo che la rappresenti e una lingua che la faccia parlare. Per questo, la Repubblica Europea nascer\u00e0 con una Capitale politica permanente e una lingua di cittadinanza comune. L\u2019Unione Europea non \u00e8 [&hellip;]<\/p>\n","protected":false},"author":1,"featured_media":322,"parent":0,"menu_order":0,"comment_status":"closed","ping_status":"closed","template":"","meta":{"saved_in_kubio":false,"footnotes":""},"class_list":["post-487","page","type-page","status-publish","has-post-thumbnail","hentry"],"kubio_ai_page_context":{"short_desc":"","purpose":"general"},"jetpack_sharing_enabled":true,"_links":{"self":[{"href":"https:\/\/europenation.eu\/en\/wp-json\/wp\/v2\/pages\/487","targetHints":{"allow":["GET"]}}],"collection":[{"href":"https:\/\/europenation.eu\/en\/wp-json\/wp\/v2\/pages"}],"about":[{"href":"https:\/\/europenation.eu\/en\/wp-json\/wp\/v2\/types\/page"}],"author":[{"embeddable":true,"href":"https:\/\/europenation.eu\/en\/wp-json\/wp\/v2\/users\/1"}],"replies":[{"embeddable":true,"href":"https:\/\/europenation.eu\/en\/wp-json\/wp\/v2\/comments?post=487"}],"version-history":[{"count":1,"href":"https:\/\/europenation.eu\/en\/wp-json\/wp\/v2\/pages\/487\/revisions"}],"predecessor-version":[{"id":488,"href":"https:\/\/europenation.eu\/en\/wp-json\/wp\/v2\/pages\/487\/revisions\/488"}],"wp:featuredmedia":[{"embeddable":true,"href":"https:\/\/europenation.eu\/en\/wp-json\/wp\/v2\/media\/322"}],"wp:attachment":[{"href":"https:\/\/europenation.eu\/en\/wp-json\/wp\/v2\/media?parent=487"}],"curies":[{"name":"wp","href":"https:\/\/api.w.org\/{rel}","templated":true}]}}