{"id":499,"date":"2025-09-14T01:22:41","date_gmt":"2025-09-13T23:22:41","guid":{"rendered":"https:\/\/europenation.eu\/?page_id=499"},"modified":"2025-09-14T01:22:41","modified_gmt":"2025-09-13T23:22:41","slug":"cittadinanza-europea","status":"publish","type":"page","link":"https:\/\/europenation.eu\/en\/cittadinanza-europea\/","title":{"rendered":"CITTADINANZA EUROPEA"},"content":{"rendered":"<p class=\"has-kubio-color-3-color has-text-color has-link-color wp-elements-e393af5de50bcd2c6a9e500141966795\">Diritti, doveri e percorsi per appartenere alla Nazione dei Popoli d\u2019Europa<\/p>\n\n\n\n<p class=\"has-kubio-color-1-color has-text-color has-link-color has-large-font-size wp-elements-7d2c01681ec00d31a541865bae7372aa\"><strong>La cittadinanza come fondamento dell\u2019unit\u00e0<\/strong><\/p>\n\n\n\n<p class=\"has-kubio-color-3-color has-text-color has-link-color wp-elements-e9a7620650f5735eaf905fce25f44dd2\">Nel progetto di European Nation, la Cittadinanza Europea \u00e8 la cittadinanza primaria:<br>non un\u2019estensione di quelle nazionali, ma un\u2019identit\u00e0 politica e giuridica sovrana, valida su tutto il territorio europeo e riconosciuta nel mondo.<\/p>\n\n\n\n<p class=\"has-kubio-color-3-color has-text-color has-link-color wp-elements-92db986f3a3ccada4c5196957f44a775\">Essere cittadini europei significa avere:<\/p>\n\n\n\n<p class=\"has-kubio-color-3-color has-text-color has-link-color wp-elements-ce5443df679f453b4f485c29450dcdb3\">un passaporto e un documento unificati,<\/p>\n\n\n\n<p class=\"has-kubio-color-3-color has-text-color has-link-color wp-elements-316467930f0d76e064b9d94ae105c15a\">uguali diritti civili, politici, sociali ed economici,<\/p>\n\n\n\n<p class=\"has-kubio-color-3-color has-text-color has-link-color wp-elements-21bbb0ec99e73f1ba0486a82d15d7864\">libert\u00e0 di residenza e lavoro in ogni regione europea,<\/p>\n\n\n\n<p class=\"has-kubio-color-3-color has-text-color has-link-color wp-elements-cb623b236f6b343d226aff80a677d707\">piena protezione giuridica della Corte Suprema Europea,<\/p>\n\n\n\n<p class=\"has-kubio-color-3-color has-text-color has-link-color wp-elements-191394d15ae7467d65b40d0b33a90645\">rappresentanza politica diretta e paritaria nelle istituzioni comuni.<\/p>\n\n\n\n<p class=\"has-kubio-color-1-color has-text-color has-link-color has-large-font-size wp-elements-15f924e2dc1a4b22c883ac19fbc4c26f\"><strong>Cittadinanza per nascita: sangue e radicamento<\/strong><\/p>\n\n\n\n<p class=\"has-kubio-color-3-color has-text-color has-link-color wp-elements-f0d5207b078c9436884c224a10ede71a\">La Repubblica Europea riconosce la cittadinanza per due vie, entrambe chiare e inclusive:<\/p>\n\n\n\n<ol class=\"wp-block-list\">\n<li class=\"has-kubio-color-3-color has-text-color has-link-color wp-elements-9def099c4c352d8bc83d3aa7c8fb05dc\">Ius Sanguinis \u2013 \u00c8 cittadino europeo chi nasce da almeno un genitore gi\u00e0 cittadino europeo.<\/li>\n\n\n\n<li class=\"has-kubio-color-3-color has-text-color has-link-color wp-elements-09294c4f2d87a4979cd4078081b810fa\">Ius Soli Continuativo \u2013 \u00c8 cittadino europeo chi nasce e risiede continuativamente per almeno 10 anni sul territorio della Repubblica, anche se i genitori non sono cittadini.<\/li>\n<\/ol>\n\n\n\n<p class=\"has-kubio-color-3-color has-text-color has-link-color wp-elements-0edcf1013d57da5cddcf01eef04811a6\">Un doppio principio che lega la Nazione sia al sangue che alla terra, senza esclusioni e senza automatismi.<\/p>\n\n\n\n<p class=\"has-kubio-color-1-color has-text-color has-link-color has-large-font-size wp-elements-575e3bfa4e8955ba9760ee41238b7a88\"><strong>Cittadinanza per scelta: studio, merito, servizio<\/strong><\/p>\n\n\n\n<p class=\"has-kubio-color-3-color has-text-color has-link-color wp-elements-c824a7cbb422218b80aa4f6ea8d84d8e\">Diventare cittadini non significa soltanto nascere europei: pu\u00f2 anche essere una scelta attiva.<\/p>\n\n\n\n<p class=\"has-kubio-color-3-color has-text-color has-link-color wp-elements-606e0ddf22c4bdb8af7c2f0db9e8bbb7\">Percorsi previsti:<\/p>\n\n\n\n<ol class=\"wp-block-list\">\n<li class=\"has-kubio-color-3-color has-text-color has-link-color wp-elements-1e8a8d0117c3ab3b3e1816fa21a620b9\">Ius Scholae \u2013 Completare un ciclo di studi in un\u2019universit\u00e0 pubblica o riconosciuta della Repubblica, con esame finale su lingua, Costituzione, storia e valori.<\/li>\n\n\n\n<li class=\"has-kubio-color-3-color has-text-color has-link-color wp-elements-4e484d6fab04953f2cebbbe3ee55d682\">Ius Meriti \u2013 Contributi eccezionali in campo scientifico, culturale, economico o sociale, riconosciuti dalla Repubblica.<\/li>\n\n\n\n<li class=\"has-kubio-color-3-color has-text-color has-link-color wp-elements-f40a279f6afafe679c966fa2d5dc741b\">Ius Servitii \u2013 Dieci anni di servizio civile o militare per la comunit\u00e0 europea: un atto concreto di dedizione e appartenenza.<\/li>\n<\/ol>\n\n\n\n<p class=\"has-kubio-color-3-color has-text-color has-link-color wp-elements-019570c556716ac46e4dbc3663477d3f\">Diventare cittadini significa dimostrare con la vita la volont\u00e0 di far parte della Nazione.<\/p>\n\n\n\n<p class=\"has-kubio-color-1-color has-text-color has-link-color has-large-font-size wp-elements-8973ef5d24086094ad507fdadb9c00ce\"><strong>La cittadinanza come impegno<\/strong><\/p>\n\n\n\n<p class=\"has-kubio-color-3-color has-text-color has-link-color wp-elements-614ee86019e5911f3c8cc11e171643fe\">La cittadinanza europea non \u00e8 una formula burocratica, ma un patto morale e politico tra individuo e comunit\u00e0.<\/p>\n\n\n\n<blockquote class=\"wp-block-quote is-layout-flow wp-block-quote-is-layout-flow\">\n<p class=\"has-kubio-color-3-color has-text-color has-link-color wp-elements-03ec140d53dbc67dce8b749288f3824b\">Non si eredita soltanto: si costruisce.<br>Non \u00e8 un privilegio: \u00e8 una responsabilit\u00e0.<br>Non \u00e8 un pezzo di carta: \u00e8 appartenenza viva.<\/p>\n<\/blockquote>\n\n\n\n<p class=\"has-kubio-color-1-color has-text-color has-link-color has-large-font-size wp-elements-ed05a3efed2894132f62d8ab55a03bc6\"><strong>Una patria comune<\/strong><\/p>\n\n\n\n<p class=\"has-kubio-color-3-color has-text-color has-link-color wp-elements-4d59bca4b56ad847d7f68b6f70afa087\">Essere cittadini europei significa riconoscersi in una Repubblica che non \u00e8 pi\u00f9 somma di Stati, ma una sola Nazione unitaria.<\/p>\n\n\n\n<p class=\"has-kubio-color-3-color has-text-color has-link-color wp-elements-fc64d2c0b13a9ccfd8d1e7004258a067\">\u00c8 scegliere di servire l\u2019Europa, appartenerle e chiamarla finalmente <strong>Patria<\/strong>.<\/p>","protected":false},"excerpt":{"rendered":"<p>Diritti, doveri e percorsi per appartenere alla Nazione dei Popoli d\u2019Europa La cittadinanza come fondamento dell\u2019unit\u00e0 Nel progetto di European Nation, la Cittadinanza Europea \u00e8 la cittadinanza primaria:non un\u2019estensione di quelle nazionali, ma un\u2019identit\u00e0 politica e giuridica sovrana, valida su tutto il territorio europeo e riconosciuta nel mondo. Essere cittadini europei significa avere: un passaporto [&hellip;]<\/p>\n","protected":false},"author":1,"featured_media":334,"parent":0,"menu_order":0,"comment_status":"closed","ping_status":"closed","template":"","meta":{"saved_in_kubio":false,"footnotes":""},"class_list":["post-499","page","type-page","status-publish","has-post-thumbnail","hentry"],"kubio_ai_page_context":{"short_desc":"","purpose":"general"},"jetpack_sharing_enabled":true,"_links":{"self":[{"href":"https:\/\/europenation.eu\/en\/wp-json\/wp\/v2\/pages\/499","targetHints":{"allow":["GET"]}}],"collection":[{"href":"https:\/\/europenation.eu\/en\/wp-json\/wp\/v2\/pages"}],"about":[{"href":"https:\/\/europenation.eu\/en\/wp-json\/wp\/v2\/types\/page"}],"author":[{"embeddable":true,"href":"https:\/\/europenation.eu\/en\/wp-json\/wp\/v2\/users\/1"}],"replies":[{"embeddable":true,"href":"https:\/\/europenation.eu\/en\/wp-json\/wp\/v2\/comments?post=499"}],"version-history":[{"count":1,"href":"https:\/\/europenation.eu\/en\/wp-json\/wp\/v2\/pages\/499\/revisions"}],"predecessor-version":[{"id":500,"href":"https:\/\/europenation.eu\/en\/wp-json\/wp\/v2\/pages\/499\/revisions\/500"}],"wp:featuredmedia":[{"embeddable":true,"href":"https:\/\/europenation.eu\/en\/wp-json\/wp\/v2\/media\/334"}],"wp:attachment":[{"href":"https:\/\/europenation.eu\/en\/wp-json\/wp\/v2\/media?parent=499"}],"curies":[{"name":"wp","href":"https:\/\/api.w.org\/{rel}","templated":true}]}}