{"id":509,"date":"2025-09-14T23:42:10","date_gmt":"2025-09-14T21:42:10","guid":{"rendered":"https:\/\/europenation.eu\/?page_id=509"},"modified":"2025-09-14T23:42:10","modified_gmt":"2025-09-14T21:42:10","slug":"una-nazione-aperta","status":"publish","type":"page","link":"https:\/\/europenation.eu\/en\/una-nazione-aperta\/","title":{"rendered":"Una Nazione Aperta"},"content":{"rendered":"<p class=\"has-kubio-color-3-color has-text-color has-link-color wp-elements-1ea7795e89915bc38e19fd04a04e7d1e\">L\u2019ingresso e l\u2019uscita dalla Repubblica d\u2019Europa<\/p>\n\n\n\n<p class=\"has-kubio-color-1-color has-text-color has-link-color has-large-font-size wp-elements-6f95e1edf8b64ec74a1bcc9c165a20f3\"><strong>Una patria si sceglie<\/strong><\/p>\n\n\n\n<p class=\"has-kubio-color-3-color has-text-color has-link-color wp-elements-f2d0ea15843e327fd3fbf025e758d4cd\">La Repubblica d\u2019Europa non \u00e8 un club esclusivo n\u00e9 una fortezza chiusa.<br>\u00c8 una patria viva, che cresce accogliendo popoli pronti a condividere un destino comune di libert\u00e0, democrazia e giustizia.<\/p>\n\n\n\n<p class=\"has-kubio-color-3-color has-text-color has-link-color wp-elements-fadb90e5c576f7ecaef5d0f88f138aeb\">Entrare non \u00e8 un calcolo economico. \u00c8 un atto solenne di appartenenza.<br>Restare non \u00e8 un obbligo. \u00c8 una scelta rinnovata ogni giorno dai cittadini.<\/p>\n\n\n\n<p class=\"has-kubio-color-1-color has-text-color has-link-color has-large-font-size wp-elements-0f3b8eff0f2f9c8d12632e3e8d913eef\"><strong>Come si entra<\/strong><\/p>\n\n\n\n<p class=\"has-kubio-color-3-color has-text-color has-link-color wp-elements-e1d85b28b10ebb337b8c130d4291aff6\">Ogni popolo che desidera diventare parte della Repubblica deve:<\/p>\n\n\n\n<ol class=\"wp-block-list\">\n<li class=\"has-kubio-color-3-color has-text-color has-link-color wp-elements-7690b4c4af8ae21d4bfee68b044b7ffa\">Abbracciare i principi democratici e lo Stato di diritto senza eccezioni.<\/li>\n\n\n\n<li class=\"has-kubio-color-3-color has-text-color has-link-color wp-elements-39289b72c9415321662ab0fe3cbe1959\">Accettare la moneta comune e la Costituzione della Repubblica.<\/li>\n\n\n\n<li class=\"has-kubio-color-3-color has-text-color has-link-color wp-elements-2f8a5314e61151afb84c77cb33af21f3\">Cedere senza riserve le competenze indivisibili:<\/li>\n<\/ol>\n\n\n\n<p class=\"has-kubio-color-3-color has-text-color has-link-color wp-elements-1c798cf87068d1876e125cddb44cfeb0\">Difesa<\/p>\n\n\n\n<p class=\"has-kubio-color-3-color has-text-color has-link-color wp-elements-f42057e392409da004e310188347ba04\">Politica estera<\/p>\n\n\n\n<p class=\"has-kubio-color-3-color has-text-color has-link-color wp-elements-3c590d4caa168ac3b7337810893e0a64\">Politica economica strategica<\/p>\n\n\n\n<p class=\"has-kubio-color-3-color has-text-color has-link-color wp-elements-de01ec04cdcf854edbfc39159e8b4f08\">Nessuna deroga. Nessun trattamento speciale.<br>Chi entra non firma un contratto: diventa Nazione.<\/p>\n\n\n\n<p class=\"has-kubio-color-1-color has-text-color has-link-color has-large-font-size wp-elements-35c4b4785de1e1a4baafe442176e292e\"><strong>Come si esce<\/strong><\/p>\n\n\n\n<p class=\"has-kubio-color-3-color has-text-color has-link-color wp-elements-4e756f8df8b6e208cd49304ff8024cc9\">La Repubblica \u00e8 unione volontaria. Nessuno sar\u00e0 mai trattenuto con la forza.<br>Ma chi decide di andarsene deve sapere che si tratta di un atto grave, un divorzio definitivo.<\/p>\n\n\n\n<p class=\"has-kubio-color-3-color has-text-color has-link-color wp-elements-ab675cc3d77e40ba799faf57665fcfda\">L\u2019uscita avverr\u00e0 cos\u00ec:<\/p>\n\n\n\n<ol class=\"wp-block-list\">\n<li class=\"has-kubio-color-3-color has-text-color has-link-color wp-elements-4a70a1f08fedbb5df1eff482fb028a1c\">Referendum nazionale con voto popolare.<\/li>\n\n\n\n<li class=\"has-kubio-color-3-color has-text-color has-link-color wp-elements-4487c34e38d83ec82447a5d86c1a05ce\">Convalida dell\u2019Assemblea Europea.<\/li>\n\n\n\n<li class=\"has-kubio-color-3-color has-text-color has-link-color wp-elements-43cca35cec439a55490ecdc24f7678e3\">Transizione ordinata di cinque anni, per sciogliere assetti politici ed economici.<\/li>\n\n\n\n<li class=\"has-kubio-color-3-color has-text-color has-link-color wp-elements-f0450257f516b815c4d0b47c7ff5a40e\">Restituzione di ci\u00f2 che appartiene a tutti: infrastrutture comuni, fondi, contributi ricevuti.<\/li>\n<\/ol>\n\n\n\n<p class=\"has-kubio-color-3-color has-text-color has-link-color wp-elements-9cb43f29f4d1506b29d8487971079b07\">Chi lascia la Repubblica non porta via nulla che sia del popolo europeo intero.<\/p>\n\n\n\n<p class=\"has-kubio-color-1-color has-text-color has-link-color has-large-font-size wp-elements-0dbc84af896be0eab64e373daabbf2d6\"><strong>Fusione, non coabitazione<\/strong><\/p>\n\n\n\n<p class=\"has-kubio-color-3-color has-text-color has-link-color wp-elements-e62761cafadd795878d793f167507bbf\">A differenza dell\u2019Unione Europea, la Repubblica non conosce \u201cpaesi partner\u201d o \u201copt-out\u201d.<br>Ogni nuovo ingresso \u00e8 una fusione piena, un atto di nascita comune.<\/p>\n\n\n\n<p class=\"has-kubio-color-3-color has-text-color has-link-color wp-elements-b268007eb1bda8807bc2882f37610929\">Dentro: un solo popolo, una sola sovranit\u00e0.<br>Fuori: Stati amici, ma non cittadini.<\/p>\n\n\n\n<p class=\"has-kubio-color-1-color has-text-color has-link-color has-large-font-size wp-elements-bafb3ffea5e1d61f85e84b03d022108a\"><strong>Una scelta irreversibile<\/strong><\/p>\n\n\n\n<p class=\"has-kubio-color-3-color has-text-color has-link-color wp-elements-f33f13f6de9bc9853174d38d11d0ac67\"><br>Chi entra nella Repubblica d\u2019Europa sceglie di appartenere per sempre a una nazione comune.<br>Chi esce, rinuncia a quella patria.<\/p>\n\n\n\n<blockquote class=\"wp-block-quote is-layout-flow wp-block-quote-is-layout-flow\">\n<p class=\"has-kubio-color-3-color has-text-color has-link-color wp-elements-50cb7a33762640e4678616329da97630\">Non pi\u00f9 coabitazione, ma Nazione.<br>Non pi\u00f9 compromessi, ma destino.<\/p>\n<\/blockquote>","protected":false},"excerpt":{"rendered":"<p>L\u2019ingresso e l\u2019uscita dalla Repubblica d\u2019Europa Una patria si sceglie La Repubblica d\u2019Europa non \u00e8 un club esclusivo n\u00e9 una fortezza chiusa.\u00c8 una patria viva, che cresce accogliendo popoli pronti a condividere un destino comune di libert\u00e0, democrazia e giustizia. Entrare non \u00e8 un calcolo economico. \u00c8 un atto solenne di appartenenza.Restare non \u00e8 un [&hellip;]<\/p>\n","protected":false},"author":1,"featured_media":334,"parent":0,"menu_order":0,"comment_status":"closed","ping_status":"closed","template":"","meta":{"saved_in_kubio":false,"footnotes":""},"class_list":["post-509","page","type-page","status-publish","has-post-thumbnail","hentry"],"kubio_ai_page_context":{"short_desc":"","purpose":"general"},"jetpack_sharing_enabled":true,"_links":{"self":[{"href":"https:\/\/europenation.eu\/en\/wp-json\/wp\/v2\/pages\/509","targetHints":{"allow":["GET"]}}],"collection":[{"href":"https:\/\/europenation.eu\/en\/wp-json\/wp\/v2\/pages"}],"about":[{"href":"https:\/\/europenation.eu\/en\/wp-json\/wp\/v2\/types\/page"}],"author":[{"embeddable":true,"href":"https:\/\/europenation.eu\/en\/wp-json\/wp\/v2\/users\/1"}],"replies":[{"embeddable":true,"href":"https:\/\/europenation.eu\/en\/wp-json\/wp\/v2\/comments?post=509"}],"version-history":[{"count":1,"href":"https:\/\/europenation.eu\/en\/wp-json\/wp\/v2\/pages\/509\/revisions"}],"predecessor-version":[{"id":510,"href":"https:\/\/europenation.eu\/en\/wp-json\/wp\/v2\/pages\/509\/revisions\/510"}],"wp:featuredmedia":[{"embeddable":true,"href":"https:\/\/europenation.eu\/en\/wp-json\/wp\/v2\/media\/334"}],"wp:attachment":[{"href":"https:\/\/europenation.eu\/en\/wp-json\/wp\/v2\/media?parent=509"}],"curies":[{"name":"wp","href":"https:\/\/api.w.org\/{rel}","templated":true}]}}