{"id":529,"date":"2025-09-29T12:59:59","date_gmt":"2025-09-29T10:59:59","guid":{"rendered":"https:\/\/europenation.eu\/?page_id=529"},"modified":"2025-09-29T13:01:42","modified_gmt":"2025-09-29T11:01:42","slug":"i-diritti-del-cittadino-europeo","status":"publish","type":"page","link":"https:\/\/europenation.eu\/en\/i-diritti-del-cittadino-europeo\/","title":{"rendered":"I Diritti del Cittadino Europeo"},"content":{"rendered":"<p class=\"has-kubio-color-3-color has-text-color has-link-color wp-elements-60476102f37bb9d7afa1b1100f96c495\">Libert\u00e0, dignit\u00e0 e partecipazione nella Repubblica dei Popoli d\u2019Europa<\/p>\n\n\n\n<p class=\"has-kubio-color-1-color has-text-color has-link-color has-large-font-size wp-elements-996adf574257ae2ef643847180469f75\"><strong>Una nuova cittadinanza, una nuova libert\u00e0<\/strong><\/p>\n\n\n\n<p class=\"has-kubio-color-3-color has-text-color has-link-color wp-elements-6b8580ca86062a3746d7278da5992f24\">Con la nascita della Repubblica Europea, il cittadino europeo non \u00e8 pi\u00f9 semplicemente un abitante di uno Stato nazionale, ma il soggetto politico sovrano di una Nazione unitaria.<br>Questa trasformazione comporta una nuova serie di diritti pieni, diretti e indivisibili, garantiti dalla Costituzione della Repubblica, e uguali in tutto il territorio europeo.<\/p>\n\n\n\n<p class=\"has-kubio-color-1-color has-text-color has-link-color has-large-font-size wp-elements-b1fb537436e1b6ec84d2c78ae5dd3795\"><strong>I diritti riconosciuti dalla Repubblica Europea<\/strong><\/p>\n\n\n\n<ol class=\"wp-block-list has-kubio-color-3-color has-text-color has-link-color wp-elements-96a18195e7d6bb437c8f66fb711833d5\">\n<li><strong>Diritto all\u2019uguaglianza giuridica e politica<\/strong><\/li>\n<\/ol>\n\n\n\n<p class=\"has-kubio-color-3-color has-text-color has-link-color wp-elements-3469e727571a1902141719b6b6ebc442\">Ogni cittadino \u00e8 uguale davanti alla legge, senza distinzione di origine, lingua, etnia, condizione sociale o provenienza nazionale.<br>Ogni cittadino ha lo stesso diritto di voto, di candidarsi alle cariche pubbliche, di accedere agli uffici civili e militari e di partecipare alla vita politica.<\/p>\n\n\n\n<ol start=\"2\" class=\"wp-block-list\">\n<li class=\"has-kubio-color-3-color has-text-color has-link-color wp-elements-d317d17c50f221f96d16298bd7b553ca\"><strong>Diritto all\u2019istruzione gratuita e al sapere comune europeo<\/strong><\/li>\n<\/ol>\n\n\n\n<p class=\"has-kubio-color-3-color has-text-color has-link-color wp-elements-b9be2bd90fbd166ca0b54c5fa025f90d\">Ogni cittadino ha diritto a un\u2019istruzione pubblica, laica e gratuita in tutta la Repubblica, fondata sui principi della Pedagogia Nazionale:<br>memoria storica condivisa, spirito critico, coscienza civica, scienza e cultura.<\/p>\n\n\n\n<ol start=\"3\" class=\"wp-block-list\">\n<li class=\"has-kubio-color-3-color has-text-color has-link-color wp-elements-2255af150cb32dc62e91aafa0daa77f5\"><strong>Diritto alla giustizia equa e sovrana<\/strong><\/li>\n<\/ol>\n\n\n\n<p class=\"has-kubio-color-3-color has-text-color has-link-color wp-elements-7509224f7ac8dad3511a39eede0c3a2c\">Ogni cittadino gode della piena tutela della Corte Suprema della Repubblica Europea, accessibile direttamente senza intermediazioni nazionali.<br>La giustizia \u00e8 unitaria, indipendente, rapida e imparziale.<\/p>\n\n\n\n<ol start=\"4\" class=\"wp-block-list\">\n<li class=\"has-kubio-color-3-color has-text-color has-link-color wp-elements-f7a3e9aaa15e771c533c509dfb009400\"><strong>Libert\u00e0 di circolazione, lavoro e residenza<\/strong><\/li>\n<\/ol>\n\n\n\n<p class=\"has-kubio-color-3-color has-text-color has-link-color wp-elements-05ad37fec8ef73e0db510fe54a397a7e\">Ogni cittadino pu\u00f2 vivere, lavorare e stabilirsi in qualunque parte della Repubblica, senza bisogno di permessi, restrizioni o vincoli burocratici.<br>Nessuna discriminazione tra cittadini di paesi diversi all\u2019interno dell\u2019Unica Nazione.<\/p>\n\n\n\n<ol start=\"5\" class=\"wp-block-list\">\n<li class=\"has-kubio-color-3-color has-text-color has-link-color wp-elements-618b7191314f571a2818a23b104d4419\"><strong>Diritto a un\u2019identit\u00e0 digitale europea e all\u2019accesso ai servizi pubblici<\/strong><\/li>\n<\/ol>\n\n\n\n<p class=\"has-kubio-color-3-color has-text-color has-link-color wp-elements-48e9a5fd31740d95bf6dc4e1b8069f94\">Ogni cittadino dispone di una E-ID unica, personale e protetta, che consente l\u2019accesso diretto a tutti i servizi pubblici europei:<br>dalla sanit\u00e0 all\u2019istruzione, dalla giustizia alla previdenza, dai contributi pubblici al voto digitale.<\/p>\n\n\n\n<ol start=\"6\" class=\"wp-block-list\">\n<li class=\"has-kubio-color-3-color has-text-color has-link-color wp-elements-e9627adce23bd486edfa837acbd9940f\"><strong>Diritto alla partecipazione politica diretta<\/strong><\/li>\n<\/ol>\n\n\n\n<p class=\"has-kubio-color-3-color has-text-color has-link-color wp-elements-65c70bff42e97864cecd1912ac4d3988\">Ogni cittadino pu\u00f2 votare, proporre referendum, partecipare all\u2019Assemblea dei Cittadini, essere membro dei Comitati di Controllo e contribuire alla stesura e alla revisione delle leggi.<br>La democrazia non \u00e8 solo rappresentativa: \u00e8 partecipata e continua.<\/p>\n\n\n\n<ol start=\"7\" class=\"wp-block-list\">\n<li class=\"has-kubio-color-3-color has-text-color has-link-color wp-elements-70c2cc2547f98b199078d56c43f2562e\"><strong> Diritto alla trasparenza, alla verit\u00e0 e all\u2019accesso ai dati pubblici<\/strong><\/li>\n<\/ol>\n\n\n\n<p class=\"has-kubio-color-3-color has-text-color has-link-color wp-elements-518cfc9d659f7ddc66a6ee0abbe18716\">Ogni cittadino ha diritto di accedere in tempo reale a tutte le informazioni relative al bilancio dello Stato, alle spese dei dipartimenti, alle attivit\u00e0 legislative e giudiziarie, agli stipendi pubblici e ai documenti istituzionali.<\/p>\n\n\n\n<ol start=\"8\" class=\"wp-block-list\">\n<li class=\"has-kubio-color-3-color has-text-color has-link-color wp-elements-eac27dcf2d479b7bf69976738b465db1\"><strong>Diritto alla salute, al benessere e alla dignit\u00e0 del lavoro<\/strong><\/li>\n<\/ol>\n\n\n\n<p class=\"has-kubio-color-3-color has-text-color has-link-color wp-elements-c2be934f6d48fa68f891450da55bc27b\">Ogni cittadino ha diritto a un sistema sanitario universale, gratuito e moderno; a un reddito minimo garantito in caso di bisogno; e alla protezione della propria dignit\u00e0 nei luoghi di lavoro.<br>Salario minimo europeo, contratti regolari, protezione previdenziale: pilastri della giustizia sociale.<\/p>\n\n\n\n<ol start=\"9\" class=\"wp-block-list\">\n<li class=\"has-kubio-color-3-color has-text-color has-link-color wp-elements-8e71811f2c472e300e53b04cc5a6ac46\"><strong>Diritto alla casa, alla famiglia e alla sicurezza sociale<\/strong><\/li>\n<\/ol>\n\n\n\n<p class=\"has-kubio-color-3-color has-text-color has-link-color wp-elements-377788b8af2396156e5bfbc4a744eeee\">Ogni cittadino ha diritto a un tetto, a fondare una famiglia, a ricevere sostegno alla genitorialit\u00e0, all\u2019infanzia, alla disabilit\u00e0, alla vecchiaia.<br>Lo Stato europeo \u00e8 lo scudo sociale dei suoi cittadini.<\/p>\n\n\n\n<ol start=\"10\" class=\"wp-block-list\">\n<li class=\"has-kubio-color-3-color has-text-color has-link-color wp-elements-ecf7d6e79b24cea989edd4d579dbe332\"><strong>Diritto all\u2019onore, alla memoria e all\u2019identit\u00e0 culturale<\/strong><\/li>\n<\/ol>\n\n\n\n<p class=\"has-kubio-color-3-color has-text-color has-link-color wp-elements-b760549908ef8bf46ac3f56f185274de\">Ogni cittadino ha diritto alla tutela della propria identit\u00e0 personale e popolare, della propria storia, lingua, comunit\u00e0 di appartenenza.<br>La Repubblica riconosce tutti i popoli che la compongono e protegge le loro radici.<br>L\u2019Onore, come principio morale, viene difeso in ogni campo della vita pubblica.<\/p>\n\n\n\n<p class=\"has-kubio-color-1-color has-text-color has-link-color has-large-font-size wp-elements-0bed3625c8cdaf46fa9c91c15fb58d74\"><strong>Una cittadinanza piena, indivisibile, attiva<\/strong><\/p>\n\n\n\n<p class=\"has-kubio-color-3-color has-text-color has-link-color wp-elements-b7cacd16f39625b1d2dd934410de0f10\">Questi diritti non variano da paese a paese, non sono negoziabili, non sono riservati a chi \u201cse li pu\u00f2 permettere\u201d.<br>Essi sono la base fondante dell\u2019appartenenza alla Repubblica d\u2019Europa, e sono garantiti non da Stati membri, ma dalla Nazione europea in quanto tale.<\/p>\n\n\n\n<blockquote class=\"wp-block-quote is-layout-flow wp-block-quote-is-layout-flow\">\n<p class=\"has-kubio-color-3-color has-text-color has-link-color wp-elements-81794e7ed78c2ef27e48d03c610ab05c\">Essere cittadini europei significa essere liberi, uguali, protetti e protagonisti. Non abitanti d\u2019Europa, ma figli della stessa Repubblica.<\/p>\n<\/blockquote>","protected":false},"excerpt":{"rendered":"<p>Libert\u00e0, dignit\u00e0 e partecipazione nella Repubblica dei Popoli d\u2019Europa Una nuova cittadinanza, una nuova libert\u00e0 Con la nascita della Repubblica Europea, il cittadino europeo non \u00e8 pi\u00f9 semplicemente un abitante di uno Stato nazionale, ma il soggetto politico sovrano di una Nazione unitaria.Questa trasformazione comporta una nuova serie di diritti pieni, diretti e indivisibili, garantiti [&hellip;]<\/p>\n","protected":false},"author":1,"featured_media":0,"parent":0,"menu_order":0,"comment_status":"closed","ping_status":"closed","template":"","meta":{"saved_in_kubio":true,"footnotes":""},"class_list":["post-529","page","type-page","status-publish","hentry"],"kubio_ai_page_context":{"short_desc":"","purpose":"general"},"jetpack_sharing_enabled":true,"_links":{"self":[{"href":"https:\/\/europenation.eu\/en\/wp-json\/wp\/v2\/pages\/529","targetHints":{"allow":["GET"]}}],"collection":[{"href":"https:\/\/europenation.eu\/en\/wp-json\/wp\/v2\/pages"}],"about":[{"href":"https:\/\/europenation.eu\/en\/wp-json\/wp\/v2\/types\/page"}],"author":[{"embeddable":true,"href":"https:\/\/europenation.eu\/en\/wp-json\/wp\/v2\/users\/1"}],"replies":[{"embeddable":true,"href":"https:\/\/europenation.eu\/en\/wp-json\/wp\/v2\/comments?post=529"}],"version-history":[{"count":2,"href":"https:\/\/europenation.eu\/en\/wp-json\/wp\/v2\/pages\/529\/revisions"}],"predecessor-version":[{"id":535,"href":"https:\/\/europenation.eu\/en\/wp-json\/wp\/v2\/pages\/529\/revisions\/535"}],"wp:attachment":[{"href":"https:\/\/europenation.eu\/en\/wp-json\/wp\/v2\/media?parent=529"}],"curies":[{"name":"wp","href":"https:\/\/api.w.org\/{rel}","templated":true}]}}