{"id":540,"date":"2025-09-29T13:13:59","date_gmt":"2025-09-29T11:13:59","guid":{"rendered":"https:\/\/europenation.eu\/?page_id=540"},"modified":"2025-09-29T13:13:59","modified_gmt":"2025-09-29T11:13:59","slug":"spesa-pubblica","status":"publish","type":"page","link":"https:\/\/europenation.eu\/en\/spesa-pubblica\/","title":{"rendered":"Spesa Pubblica"},"content":{"rendered":"<p class=\"has-kubio-color-3-color has-text-color has-link-color wp-elements-c710e4aa7554ce79c75b7c487ed69882\"><strong>Quanto vale una Nazione?<\/strong><\/p>\n\n\n\n<p class=\"has-kubio-color-1-color has-text-color has-link-color has-large-font-size wp-elements-3638498466cb7c327e3204f86fbbb459\"><strong>Il bilancio della Repubblica Europea spiegato ai cittadini<\/strong><\/p>\n\n\n\n<blockquote class=\"wp-block-quote is-layout-flow wp-block-quote-is-layout-flow\">\n<p class=\"has-kubio-color-3-color has-text-color has-link-color wp-elements-05fc885f0bb8a94bbb52ebb67ff6f9a0\">\u201cOgni comunit\u00e0 si definisce in base a ci\u00f2 che decide di proteggere, finanziare e costruire insieme.\u201d<\/p>\n<\/blockquote>\n\n\n\n<p class=\"has-kubio-color-3-color has-text-color has-link-color wp-elements-10974e0d20f7b482050be457003866e3\">Nel cuore del progetto di European Nation c\u2019\u00e8 una promessa ambiziosa: trasformare l\u2019Europa da spazio economico a casa politica di un popolo unito, dotato di uno Stato comune, di leggi comuni, di diritti e doveri comuni.<br>E come ogni Stato moderno, anche la Repubblica Europea avr\u00e0 un bilancio sovrano.<\/p>\n\n\n\n<p class=\"has-kubio-color-3-color has-text-color has-link-color wp-elements-2db13f26ff8bb4473adcd2c9f2541891\">Ma quanto vale una Repubblica di 450 milioni di persone?<br>Quali saranno le sue entrate?<br>Come verranno utilizzate le sue risorse?<\/p>\n\n\n\n<p class=\"has-kubio-color-3-color has-text-color has-link-color wp-elements-e2d563fe37aac4f0e7679c421f1e2007\">Vediamolo insieme.<\/p>\n\n\n\n<p><\/p>\n\n\n\n<p class=\"has-kubio-color-1-color has-text-color has-link-color has-large-font-size wp-elements-274d423de4853fa88eafb6d561a4defb\"><strong>Un bilancio da oltre 4.400 miliardi di euro<\/strong><\/p>\n\n\n\n<p class=\"has-kubio-color-3-color has-text-color has-link-color wp-elements-cefd91bbe1024083e5edd66a17e501c6\">La Repubblica Europea sar\u00e0 una delle pi\u00f9 grandi economie del mondo, con un PIL aggregato stimato in oltre 16.000 miliardi di euro.<br>Grazie al nuovo sistema fiscale previsto dal programma Europa Verticale \u2013 trasparente, equo, automatizzato \u2013 il bilancio pubblico potr\u00e0 raggiungere oltre 4.400 miliardi annui di entrate certe e dirette.<\/p>\n\n\n\n<p class=\"has-kubio-color-3-color has-text-color has-link-color wp-elements-d0e67246ab2b04e3b2d53ed32b46c198\"><strong>Come sar\u00e0 possibile?<\/strong><\/p>\n\n\n\n<p class=\"has-kubio-color-3-color has-text-color has-link-color wp-elements-4eff3c26d458362251c259b856898d2b\">Attraverso tre strumenti chiave:<\/p>\n\n\n\n<ol class=\"wp-block-list\">\n<li class=\"has-kubio-color-3-color has-text-color has-link-color wp-elements-f63ef219896373e0247f3c331b001355\">Flat Tax con coefficiente comportamentale<br>\u2192 Tutti pagano un\u2019aliquota base (15%), ma chi investe, assume, innova, paga meno. Chi elude, paga di pi\u00f9.<\/li>\n\n\n\n<li class=\"has-kubio-color-3-color has-text-color has-link-color wp-elements-c13cc050696ab0093d652c10f9b2187e\">Pagamento Elettronico Triangolato<br>\u2192 Ogni pagamento passa dal Tesoro Europeo, che trattiene automaticamente imposte e IVA. Evasione fiscale: azzerata.<\/li>\n\n\n\n<li class=\"has-kubio-color-3-color has-text-color has-link-color wp-elements-876858072280b797304af3df863ff418\">Rating Fiscale Europeo<br>\u2192 Imprese, enti e cittadini saranno valutati in base a trasparenza, equit\u00e0, sostenibilit\u00e0. I pi\u00f9 virtuosi avranno accesso preferenziale a fondi e incentivi.<\/li>\n<\/ol>\n\n\n\n<p class=\"has-kubio-color-3-color has-text-color has-link-color wp-elements-059c9766cf7b57ba4921ae935603a9c9\"><strong>Dove andr\u00e0 il denaro?<\/strong><\/p>\n\n\n\n<p class=\"has-kubio-color-3-color has-text-color has-link-color wp-elements-b81df59b74884f957a68b967460a5a80\">Le grandi missioni della Repubblica Europea<\/p>\n\n\n\n<p class=\"has-kubio-color-3-color has-text-color has-link-color wp-elements-3e046239dc447e90196fed0504de62f9\">Voce di spesa Importo annuo stimato Obiettivo<\/p>\n\n\n\n<p class=\"has-kubio-color-3-color has-text-color has-link-color wp-elements-db6b1c685fd3c3705e3f7d9cac5e5cd1\">Welfare, Salute, Famiglia 1.200 miliardi \u20ac Stato sociale europeo universale<br>Istruzione e Pedagogia Nazionale 600 miliardi \u20ac Scuola, universit\u00e0, Accademia Europea<br>Infrastrutture strategiche 550 miliardi \u20ac Super Grid, trasporti, digitale<br>Difesa e Sicurezza 450 miliardi \u20ac Esercito europeo, cyberdifesa, protezione<br>Politica industriale e tecnologica (IFRI) 400 miliardi \u20ac Rilancio industriale, sovranit\u00e0 tecnologica<br>Politiche del lavoro e sociali 300 miliardi \u20ac Occupazione, salario minimo, garanzia giovani<br>Spese amministrative e giustizia 200 miliardi \u20ac Governance centrale, Corte Suprema, Assemblea<br>Fondo per autonomie e coesione 300 miliardi \u20ac Sostegno a regioni svantaggiate e minoranze<br>Fondo sovrano e riserva strategica 200 miliardi \u20ac Investimenti, stabilit\u00e0, emergenze<\/p>\n\n\n\n<blockquote class=\"wp-block-quote is-layout-flow wp-block-quote-is-layout-flow\">\n<p>Totale stimato: ~4.200 miliardi \u20ac<br>\u2192 con ~200 miliardi \u20ac di avanzo primario ogni anno.<\/p>\n<\/blockquote>\n\n\n\n<p class=\"has-kubio-color-1-color has-text-color has-link-color has-large-font-size wp-elements-16f6b192b7fc495b19c4fc99f4f5068c\"><strong>I vantaggi per i cittadini<\/strong><\/p>\n\n\n\n<p class=\"has-kubio-color-3-color has-text-color has-link-color wp-elements-9d564cd96902bdf59755b35af5376322\"><strong>Pi\u00f9 diritti, meno tasse<\/strong><\/p>\n\n\n\n<p class=\"has-kubio-color-3-color has-text-color has-link-color wp-elements-5f3adc7e31570a7bf8030fbf32306c37\">Un sistema fiscale chiaro e semplificato<\/p>\n\n\n\n<p class=\"has-kubio-color-3-color has-text-color has-link-color wp-elements-01586625adbd5a956e39e66f74b0c85e\">Nessuna dichiarazione, nessun commercialista<\/p>\n\n\n\n<p class=\"has-kubio-color-3-color has-text-color has-link-color wp-elements-a57233b11dbcbb8ec798d47fa5594d67\">Tasse pi\u00f9 basse per chi si comporta correttamente<\/p>\n\n\n\n<p class=\"has-kubio-color-3-color has-text-color has-link-color wp-elements-c9f836c2568d77812a8ffe144e0bccce\">Salute, scuola, maternit\u00e0 e lavoro garantiti ovunque in Europa<\/p>\n\n\n\n<p class=\"has-kubio-color-3-color has-text-color has-link-color wp-elements-f1dda40563a07911a6e962085c5f0588\"><strong>Un\u2019amministrazione efficiente<\/strong><\/p>\n\n\n\n<p class=\"has-kubio-color-3-color has-text-color has-link-color wp-elements-ba4cf19e5962787c12625d663288c613\">Ogni euro versato ha uno scopo preciso<\/p>\n\n\n\n<p class=\"has-kubio-color-3-color has-text-color has-link-color wp-elements-8e9309590bb4f1ccb4ad7b3d0ef4d3f3\">Ogni dipartimento pubblico avr\u00e0 un bilancio visibile e valutabile<\/p>\n\n\n\n<p class=\"has-kubio-color-3-color has-text-color has-link-color wp-elements-1d25b256665cad772737a40f42967dc9\">I cittadini potranno bloccare gli sprechi o chiedere audit popolari<\/p>\n\n\n\n<p class=\"has-kubio-color-3-color has-text-color has-link-color wp-elements-1f32ef09e6d696fa9c84c1d4ec0d49a1\"><strong>Investimenti e innovazione<\/strong><\/p>\n\n\n\n<p class=\"has-kubio-color-3-color has-text-color has-link-color wp-elements-95e63923c09d7d5a2da601118624b661\">Imprese e startup europee riceveranno fondi diretti<\/p>\n\n\n\n<p class=\"has-kubio-color-3-color has-text-color has-link-color wp-elements-ae4ce1d88d1ee2214bbc4ca42af582f7\">Il continente sar\u00e0 dotato di infrastrutture moderne, verdi, digitali<\/p>\n\n\n\n<p class=\"has-kubio-color-3-color has-text-color has-link-color wp-elements-5cdc604268f4fecadd35489fd1278781\">Le industrie strategiche torneranno a crescere in Europa<\/p>\n\n\n\n<p class=\"has-kubio-color-1-color has-text-color has-link-color has-large-font-size wp-elements-3b463a2e7d9fc474d1ccc4509f7685e1\"><strong>Una rivoluzione silenziosa<\/strong><\/p>\n\n\n\n<p class=\"has-kubio-color-3-color has-text-color has-link-color wp-elements-e5216a57e1e24cacf97437725a84ea8b\">Il nuovo bilancio della Repubblica Europea non \u00e8 solo un conto economico.<br>\u00c8 il cuore politico della sovranit\u00e0 comune:<br>uno strumento di giustizia,<br>una leva per la potenza,<br>una garanzia di libert\u00e0 individuale e dignit\u00e0 collettiva.<\/p>\n\n\n\n<blockquote class=\"wp-block-quote is-layout-flow wp-block-quote-is-layout-flow\">\n<p class=\"has-kubio-color-3-color has-text-color has-link-color wp-elements-da167ad05c99d8fb83a9cf53e1103a19\">\u201cDimmi dove metti il denaro pubblico, e ti dir\u00f2 che tipo di nazione vuoi essere.\u201d<\/p>\n<\/blockquote>\n\n\n\n<p class=\"has-kubio-color-3-color has-text-color has-link-color wp-elements-f5465fd419be65d53893172f51a1c6ab\">Con il suo bilancio, l\u2019Europa pu\u00f2 smettere di essere un\u2019entit\u00e0 contabile e diventare finalmente una comunit\u00e0 politica reale.<\/p>\n\n\n\n<p><\/p>","protected":false},"excerpt":{"rendered":"<p>Quanto vale una Nazione? Il bilancio della Repubblica Europea spiegato ai cittadini \u201cOgni comunit\u00e0 si definisce in base a ci\u00f2 che decide di proteggere, finanziare e costruire insieme.\u201d Nel cuore del progetto di European Nation c\u2019\u00e8 una promessa ambiziosa: trasformare l\u2019Europa da spazio economico a casa politica di un popolo unito, dotato di uno Stato [&hellip;]<\/p>\n","protected":false},"author":1,"featured_media":0,"parent":0,"menu_order":0,"comment_status":"closed","ping_status":"closed","template":"","meta":{"saved_in_kubio":false,"footnotes":""},"class_list":["post-540","page","type-page","status-publish","hentry"],"kubio_ai_page_context":{"short_desc":"","purpose":"general"},"jetpack_sharing_enabled":true,"_links":{"self":[{"href":"https:\/\/europenation.eu\/en\/wp-json\/wp\/v2\/pages\/540","targetHints":{"allow":["GET"]}}],"collection":[{"href":"https:\/\/europenation.eu\/en\/wp-json\/wp\/v2\/pages"}],"about":[{"href":"https:\/\/europenation.eu\/en\/wp-json\/wp\/v2\/types\/page"}],"author":[{"embeddable":true,"href":"https:\/\/europenation.eu\/en\/wp-json\/wp\/v2\/users\/1"}],"replies":[{"embeddable":true,"href":"https:\/\/europenation.eu\/en\/wp-json\/wp\/v2\/comments?post=540"}],"version-history":[{"count":1,"href":"https:\/\/europenation.eu\/en\/wp-json\/wp\/v2\/pages\/540\/revisions"}],"predecessor-version":[{"id":541,"href":"https:\/\/europenation.eu\/en\/wp-json\/wp\/v2\/pages\/540\/revisions\/541"}],"wp:attachment":[{"href":"https:\/\/europenation.eu\/en\/wp-json\/wp\/v2\/media?parent=540"}],"curies":[{"name":"wp","href":"https:\/\/api.w.org\/{rel}","templated":true}]}}